{"id":76,"date":"2022-09-26T12:07:15","date_gmt":"2022-09-26T10:07:15","guid":{"rendered":"https:\/\/lwm.de\/?page_id=76"},"modified":"2025-01-13T12:00:26","modified_gmt":"2025-01-13T11:00:26","slug":"ueber-uns","status":"publish","type":"page","link":"https:\/\/lwm.de\/index.php\/ueber-uns\/","title":{"rendered":"\u00dcber uns"},"content":{"rendered":"\n<p>LWM ComputerService GmbH<\/p>\n\n\n\n<p>1984 von&nbsp; den Herren L\u00e4mmer, Willms und M\u00f6ller gegr\u00fcndet, stehen wir vorwiegend kleinen und mittelst\u00e4ndischen Unternehmen bei ihrer EDV Betreuung zur Seite.<br>Auch Privatpersonen finden bei uns kompetente Hilfe.<\/p>\n\n\n\n<p>Wir decken das ganze Spektrum ab: Von Hard- und Softwareausstattung, Netzwerkl\u00f6sungen und Sever Einrichtungen \u00fcber schnelle Hilfe bei Alltagsproblemen bis hin zu Besorgung von Druckerpatronen und anderen Verbrauchsmaterialien.<\/p>\n\n\n\n<p>Wir versuchen immer eine individuelle L\u00f6sung f\u00fcr jeden Kunden zu finden, um bestm\u00f6glich, alle IT betreffenden W\u00fcnsche und Bed\u00fcrfnisse abzudecken. Dabei werden nat\u00fcrlich gesetzliche Bedingungen wie z.B. Datenschutz oder Mailarchivierung ebenfalls bedacht.<\/p>\n\n\n\n<p>Wir legen viel Wert auf eine langfristige und vertrauensvolle Zusammenarbeit, da es bei unserer Arbeit oft um sensible Daten geht und unsere Kunden sich bei uns wohl und in ihrem Sinne betreut f\u00fchlen sollen.<\/p>\n\n\n\n<p>Zu unseren Kunden geh\u00f6ren Unternehmen verschiedenster Branchen. Zum Beispiel Arztpraxen, Bauunternehmen, Industrie und Handwerksbetriebe, \u00f6ffentliche Tr\u00e4ger, Vereine und Schulen. <\/p>\n\n\n\n<p>Dabei schaffen unsere Wartungsbetr\u00e4ge Planungssicherheit f\u00fcr beide Seiten, sodass die EDV immer gut gewartet ist und auf dem aktuellen Stand der Technik bleibt.<\/p>\n\n\n\n<p>Unser Team besteht aus folgenden Mitarbeitern: <\/p>\n\n\n<div class=\"wp-block-image\">\n<figure class=\"alignleft size-full\"><img loading=\"lazy\" decoding=\"async\" width=\"200\" height=\"240\" src=\"https:\/\/lwm.de\/wp-content\/uploads\/2023\/09\/Sebastian-bg.jpg\" alt=\"\" class=\"wp-image-158\"\/><\/figure>\n<\/div>\n\n\n<h2 class=\"wp-block-heading\"><br>Sebastian Geist<\/h2>\n\n\n\n<p>Gesch\u00e4ftsf\u00fchrer, Beratung, Service und Technik<\/p>\n\n\n\n<div style=\"height:5px\" aria-hidden=\"true\" class=\"wp-block-spacer\"><\/div>\n\n\n\n<div style=\"height:4px\" aria-hidden=\"true\" class=\"wp-block-spacer\"><\/div>\n\n\n\n<hr class=\"wp-block-separator has-alpha-channel-opacity\"\/>\n\n\n<div class=\"wp-block-image\">\n<figure class=\"alignleft size-full is-resized\"><img loading=\"lazy\" decoding=\"async\" width=\"274\" height=\"365\" src=\"https:\/\/lwm.de\/wp-content\/uploads\/2023\/09\/P3142029_pp.jpg\" alt=\"\" class=\"wp-image-283\" style=\"width:184px;height:245px\" srcset=\"https:\/\/lwm.de\/wp-content\/uploads\/2023\/09\/P3142029_pp.jpg 274w, https:\/\/lwm.de\/wp-content\/uploads\/2023\/09\/P3142029_pp-225x300.jpg 225w, https:\/\/lwm.de\/wp-content\/uploads\/2023\/09\/P3142029_pp-230x306.jpg 230w\" sizes=\"auto, (max-width: 274px) 100vw, 274px\" \/><\/figure>\n<\/div>\n\n\n<h2 class=\"wp-block-heading\"><br>Anna Zenz<\/h2>\n\n\n\n<p>Buchhaltung, Angebote und Bestellmanagement<\/p>\n","protected":false},"excerpt":{"rendered":"<p>LWM ComputerService GmbH 1984 von&nbsp; den Herren L\u00e4mmer, Willms und M\u00f6ller gegr\u00fcndet, stehen wir vorwiegend kleinen und mittelst\u00e4ndischen Unternehmen bei ihrer EDV [&hellip;]<\/p>\n","protected":false},"author":1,"featured_media":0,"parent":0,"menu_order":0,"comment_status":"closed","ping_status":"closed","template":"","meta":{"footnotes":""},"class_list":["post-76","page","type-page","status-publish","hentry"],"_links":{"self":[{"href":"https:\/\/lwm.de\/index.php\/wp-json\/wp\/v2\/pages\/76","targetHints":{"allow":["GET"]}}],"collection":[{"href":"https:\/\/lwm.de\/index.php\/wp-json\/wp\/v2\/pages"}],"about":[{"href":"https:\/\/lwm.de\/index.php\/wp-json\/wp\/v2\/types\/page"}],"author":[{"embeddable":true,"href":"https:\/\/lwm.de\/index.php\/wp-json\/wp\/v2\/users\/1"}],"replies":[{"embeddable":true,"href":"https:\/\/lwm.de\/index.php\/wp-json\/wp\/v2\/comments?post=76"}],"version-history":[{"count":8,"href":"https:\/\/lwm.de\/index.php\/wp-json\/wp\/v2\/pages\/76\/revisions"}],"predecessor-version":[{"id":309,"href":"https:\/\/lwm.de\/index.php\/wp-json\/wp\/v2\/pages\/76\/revisions\/309"}],"wp:attachment":[{"href":"https:\/\/lwm.de\/index.php\/wp-json\/wp\/v2\/media?parent=76"}],"curies":[{"name":"wp","href":"https:\/\/api.w.org\/{rel}","templated":true}]}}