{"id":54,"date":"2022-09-23T14:27:33","date_gmt":"2022-09-23T12:27:33","guid":{"rendered":"https:\/\/lwm.de\/?page_id=54"},"modified":"2022-10-04T09:55:39","modified_gmt":"2022-10-04T07:55:39","slug":"test","status":"publish","type":"page","link":"https:\/\/lwm.de\/index.php\/test\/","title":{"rendered":"Unsere Dienstleistungen"},"content":{"rendered":"\n<p>Die heutige Gesch\u00e4ftswelt ist ohne passende EDV Ausstattung kaum zu bew\u00e4ltigen. Gerade f\u00fcr kleine  und mittlere Unternehmen lohnt es sich selten einen fest angestellten EDV Administrator zu besch\u00e4ftigen. Genau diese L\u00fccke versuchen wir f\u00fcr sie zu schlie\u00dfen. <\/p>\n\n\n\n<h2 class=\"wp-block-heading\">Beratung<\/h2>\n\n\n\n<p>Beratung und Planung hat in unserer Arbeit einen hohen Stellenwert. Wir nehmen uns Zeit f\u00fcr Ihr Aufgabenstellung und bieten Ihnen umsetzbare L\u00f6sungen an.<\/p>\n\n\n\n<h2 class=\"wp-block-heading\">Planung<\/h2>\n\n\n\n<p>In Zusammenarbeit mit namhaften Herstellern sowie Gro\u00df- und Einzelh\u00e4ndlern der Branche k\u00f6nnen wir Sie stets mit der aktuellen Hard- und Software versorgen, die genau auf Ihre Anforderungen zugeschnitten ist.<\/p>\n\n\n\n<h2 class=\"wp-block-heading\">Installation<\/h2>\n\n\n\n<p>Wir installieren entsprechende Hard- und Software bei unseren Kunden vor Ort. Die Vormontage und Konfigurierung erfolgt in unserer eigenen Werkstatt, sodass nur eine minimale Zeitspanne f\u00fcr die Inbetriebnahme in Ihrem Unternehmen erforderlich ist.<\/p>\n\n\n\n<h2 class=\"wp-block-heading\">Service<\/h2>\n\n\n\n<p>Wenn es Schwierigkeiten durch nicht funktionierende Hardware gibt, sind wir zur Stelle. Unser Hardware-Service mit Garantieabwicklung wei\u00df Rat und verhilft Ihnen zu einer zeitnahen L\u00f6sung des Problems, sodass Ihr Arbeitsf\u00e4higkeit schnellstm\u00f6glich wieder hergestellt ist.<\/p>\n\n\n\n<h2 class=\"wp-block-heading\">Wartung<\/h2>\n\n\n\n<p>Durch individuell zugeschnittene Wartungsvertr\u00e4ge, \u00fcbernehmen wir die  Wartung und \u00dcberwachung ihres EDV-Systems. Egal ob schnelle Reaktion im Falle einer bekanntgewordenen Sicherheitsl\u00fccke. Das regelm\u00e4\u00dfige \u00dcberpr\u00fcfen der Datensicherung oder einfach garantiere Reaktionszeiten, falls doch mal ein Fehler auftritt. <\/p>\n","protected":false},"excerpt":{"rendered":"<p>Die heutige Gesch\u00e4ftswelt ist ohne passende EDV Ausstattung kaum zu bew\u00e4ltigen. Gerade f\u00fcr kleine und mittlere Unternehmen lohnt es sich selten einen [&hellip;]<\/p>\n","protected":false},"author":1,"featured_media":0,"parent":0,"menu_order":0,"comment_status":"closed","ping_status":"closed","template":"","meta":{"footnotes":""},"class_list":["post-54","page","type-page","status-publish","hentry"],"_links":{"self":[{"href":"https:\/\/lwm.de\/index.php\/wp-json\/wp\/v2\/pages\/54","targetHints":{"allow":["GET"]}}],"collection":[{"href":"https:\/\/lwm.de\/index.php\/wp-json\/wp\/v2\/pages"}],"about":[{"href":"https:\/\/lwm.de\/index.php\/wp-json\/wp\/v2\/types\/page"}],"author":[{"embeddable":true,"href":"https:\/\/lwm.de\/index.php\/wp-json\/wp\/v2\/users\/1"}],"replies":[{"embeddable":true,"href":"https:\/\/lwm.de\/index.php\/wp-json\/wp\/v2\/comments?post=54"}],"version-history":[{"count":6,"href":"https:\/\/lwm.de\/index.php\/wp-json\/wp\/v2\/pages\/54\/revisions"}],"predecessor-version":[{"id":139,"href":"https:\/\/lwm.de\/index.php\/wp-json\/wp\/v2\/pages\/54\/revisions\/139"}],"wp:attachment":[{"href":"https:\/\/lwm.de\/index.php\/wp-json\/wp\/v2\/media?parent=54"}],"curies":[{"name":"wp","href":"https:\/\/api.w.org\/{rel}","templated":true}]}}