{"id":275,"date":"2023-09-07T16:32:20","date_gmt":"2023-09-07T14:32:20","guid":{"rendered":"https:\/\/lwm.de\/?page_id=275"},"modified":"2023-09-07T16:32:20","modified_gmt":"2023-09-07T14:32:20","slug":"datenrettung","status":"publish","type":"page","link":"https:\/\/lwm.de\/index.php\/datenrettung\/","title":{"rendered":"Datenrettung"},"content":{"rendered":"\n<p>Gr\u00fcnde f\u00fcr Datenverlust gibt es viele wir helfen ihnen gerne bei der Wiederherstellung. Je nach Problem gibt es hier verschiedene Ans\u00e4tze die Daten zu retten. Generell gilt aber das sie m\u00f6glichst nicht mehr mit einem Betroffenen Datentr\u00e4ger weiter Arbeiten.<br><br><strong>Versehentliches L\u00f6schen: <\/strong>Es ist schnell passiert, man hat eine Datei gel\u00f6scht die sich doch als Wichtig herausstellt. Generell werden gel\u00f6schte Daten auf einem Datentr\u00e4ger erst mal nur als &#8222;D\u00fcrfen \u00fcberschrieben werden&#8220; Markiert. Hier ist also wichtig das sie keine weiteren Schreibvorg\u00e4nge auf dem Datentr\u00e4ger ausf\u00fchren.<br><br><strong>Logische Fehler:<\/strong> Die Struktur oder das Inhaltsverzeichnis eines Datentr\u00e4gers wurde besch\u00e4digt, das macht es dem Computer unm\u00f6glich die Dateien richtig anzuzeigen. Auch hier ist eine Rettung umso besser m\u00f6glich je weniger an dem Datentr\u00e4ger ge\u00e4ndert wurde. Mit Hilfe von spezieller Software lassen sich solche Fehler dann wieder beheben.<br><br><strong>Hardware Fehler:<\/strong> Ist eine Festplatte heruntergefallen oder wurde ein USB Stick abgebrochen hilft Teilweise nur aufwendige Reparatur. Bei z.B. klassischen Festplatten muss diese Reparatur in einem Reinraum erfolgen um Verunreinigungen zu verhindern. In solchen f\u00e4llen geben wir ihren Datentr\u00e4ger an entsprechend ausgestattete Partner Firmen weiter die ihnen dann ein Angebot f\u00fcr die Reparatur erstellen.<\/p>\n","protected":false},"excerpt":{"rendered":"<p>Gr\u00fcnde f\u00fcr Datenverlust gibt es viele wir helfen ihnen gerne bei der Wiederherstellung. Je nach Problem gibt es hier verschiedene Ans\u00e4tze die [&hellip;]<\/p>\n","protected":false},"author":1,"featured_media":0,"parent":0,"menu_order":0,"comment_status":"closed","ping_status":"closed","template":"","meta":{"footnotes":""},"class_list":["post-275","page","type-page","status-publish","hentry"],"_links":{"self":[{"href":"https:\/\/lwm.de\/index.php\/wp-json\/wp\/v2\/pages\/275","targetHints":{"allow":["GET"]}}],"collection":[{"href":"https:\/\/lwm.de\/index.php\/wp-json\/wp\/v2\/pages"}],"about":[{"href":"https:\/\/lwm.de\/index.php\/wp-json\/wp\/v2\/types\/page"}],"author":[{"embeddable":true,"href":"https:\/\/lwm.de\/index.php\/wp-json\/wp\/v2\/users\/1"}],"replies":[{"embeddable":true,"href":"https:\/\/lwm.de\/index.php\/wp-json\/wp\/v2\/comments?post=275"}],"version-history":[{"count":1,"href":"https:\/\/lwm.de\/index.php\/wp-json\/wp\/v2\/pages\/275\/revisions"}],"predecessor-version":[{"id":276,"href":"https:\/\/lwm.de\/index.php\/wp-json\/wp\/v2\/pages\/275\/revisions\/276"}],"wp:attachment":[{"href":"https:\/\/lwm.de\/index.php\/wp-json\/wp\/v2\/media?parent=275"}],"curies":[{"name":"wp","href":"https:\/\/api.w.org\/{rel}","templated":true}]}}