{"id":269,"date":"2023-09-07T16:03:48","date_gmt":"2023-09-07T14:03:48","guid":{"rendered":"https:\/\/lwm.de\/?page_id=269"},"modified":"2023-09-07T16:03:48","modified_gmt":"2023-09-07T14:03:48","slug":"privatkunden","status":"publish","type":"page","link":"https:\/\/lwm.de\/index.php\/privatkunden\/","title":{"rendered":"Privatkunden"},"content":{"rendered":"\n<p>Wir helfen ihnen auch gerne bei Privaten EDV Problemen. Wir haben oft Kunden die einen neuen PC ben\u00f6tigen aber sich nicht zutrauen ihre Daten und Programme zu \u00fcberspielen. Oder einfach irgend etwas nicht mehr wie gewohnt funktioniert. <br>Wir hatten schon \u00f6fter Privatkunden, die schlicht niemand gefunden haben der sich um deren EDV Probleme k\u00fcmmern wollte. Oder ganz klassisch, hat es immer der Neffe getan, der jetzt aber weit weg an der Uni Studiert und keine Zeit mehr hat.<br>Fragen sie einfach an wenn wir ihnen helfen k\u00f6nnen und wir stehen ihnen mit Rat und tat zur Seite. <\/p>\n","protected":false},"excerpt":{"rendered":"<p>Wir helfen ihnen auch gerne bei Privaten EDV Problemen. Wir haben oft Kunden die einen neuen PC ben\u00f6tigen aber sich nicht zutrauen [&hellip;]<\/p>\n","protected":false},"author":1,"featured_media":0,"parent":0,"menu_order":0,"comment_status":"closed","ping_status":"closed","template":"","meta":{"footnotes":""},"class_list":["post-269","page","type-page","status-publish","hentry"],"_links":{"self":[{"href":"https:\/\/lwm.de\/index.php\/wp-json\/wp\/v2\/pages\/269","targetHints":{"allow":["GET"]}}],"collection":[{"href":"https:\/\/lwm.de\/index.php\/wp-json\/wp\/v2\/pages"}],"about":[{"href":"https:\/\/lwm.de\/index.php\/wp-json\/wp\/v2\/types\/page"}],"author":[{"embeddable":true,"href":"https:\/\/lwm.de\/index.php\/wp-json\/wp\/v2\/users\/1"}],"replies":[{"embeddable":true,"href":"https:\/\/lwm.de\/index.php\/wp-json\/wp\/v2\/comments?post=269"}],"version-history":[{"count":1,"href":"https:\/\/lwm.de\/index.php\/wp-json\/wp\/v2\/pages\/269\/revisions"}],"predecessor-version":[{"id":270,"href":"https:\/\/lwm.de\/index.php\/wp-json\/wp\/v2\/pages\/269\/revisions\/270"}],"wp:attachment":[{"href":"https:\/\/lwm.de\/index.php\/wp-json\/wp\/v2\/media?parent=269"}],"curies":[{"name":"wp","href":"https:\/\/api.w.org\/{rel}","templated":true}]}}