{"id":266,"date":"2023-09-07T15:58:54","date_gmt":"2023-09-07T13:58:54","guid":{"rendered":"https:\/\/lwm.de\/?page_id=266"},"modified":"2023-09-07T15:58:54","modified_gmt":"2023-09-07T13:58:54","slug":"planung","status":"publish","type":"page","link":"https:\/\/lwm.de\/index.php\/planung\/","title":{"rendered":"Planung"},"content":{"rendered":"\n<p>Die Gesch\u00e4ftswelt wandelt sich, ebenso wie ihr Unternehmen fortw\u00e4hrend. Wir helfen ihnen bei der Planung der anfallenden \u00c4nderungen. Dabei sind wir technologieoffen aufgestellt und helfen ihnen den besten Weg zu finden ihre Ziele zu erreichen. <\/p>\n\n\n\n<p>Sei es das eine Pandemie ihre Mitarbeiter kurzfristig ins Home Office bef\u00f6rdert. <br>Sie einen zweite Filiale aufbauen die Vernetzt werden muss. <br>Ihre Telefonanlage zu alt wird und sie auf Cloud Telefonie umsteigen m\u00f6chten. <br>Ihr Server zu alt wird oder f\u00fcr eine neue Software andere Anforderungen hat.<br>Sie ihre lokale EDV durch Cloud Dienste ersetzten m\u00f6chten oder umgekehrt eine lokale L\u00f6sung m\u00f6chten.<\/p>\n\n\n\n<p>Wir stehen ihnen mit Rat und Tat zur Seite. <\/p>\n","protected":false},"excerpt":{"rendered":"<p>Die Gesch\u00e4ftswelt wandelt sich, ebenso wie ihr Unternehmen fortw\u00e4hrend. Wir helfen ihnen bei der Planung der anfallenden \u00c4nderungen. Dabei sind wir technologieoffen [&hellip;]<\/p>\n","protected":false},"author":1,"featured_media":0,"parent":0,"menu_order":0,"comment_status":"closed","ping_status":"closed","template":"","meta":{"footnotes":""},"class_list":["post-266","page","type-page","status-publish","hentry"],"_links":{"self":[{"href":"https:\/\/lwm.de\/index.php\/wp-json\/wp\/v2\/pages\/266","targetHints":{"allow":["GET"]}}],"collection":[{"href":"https:\/\/lwm.de\/index.php\/wp-json\/wp\/v2\/pages"}],"about":[{"href":"https:\/\/lwm.de\/index.php\/wp-json\/wp\/v2\/types\/page"}],"author":[{"embeddable":true,"href":"https:\/\/lwm.de\/index.php\/wp-json\/wp\/v2\/users\/1"}],"replies":[{"embeddable":true,"href":"https:\/\/lwm.de\/index.php\/wp-json\/wp\/v2\/comments?post=266"}],"version-history":[{"count":1,"href":"https:\/\/lwm.de\/index.php\/wp-json\/wp\/v2\/pages\/266\/revisions"}],"predecessor-version":[{"id":267,"href":"https:\/\/lwm.de\/index.php\/wp-json\/wp\/v2\/pages\/266\/revisions\/267"}],"wp:attachment":[{"href":"https:\/\/lwm.de\/index.php\/wp-json\/wp\/v2\/media?parent=266"}],"curies":[{"name":"wp","href":"https:\/\/api.w.org\/{rel}","templated":true}]}}