{"id":260,"date":"2023-09-07T15:42:03","date_gmt":"2023-09-07T13:42:03","guid":{"rendered":"https:\/\/lwm.de\/?page_id=260"},"modified":"2023-09-07T15:42:03","modified_gmt":"2023-09-07T13:42:03","slug":"reparaturen","status":"publish","type":"page","link":"https:\/\/lwm.de\/index.php\/reparaturen\/","title":{"rendered":"Reparaturen"},"content":{"rendered":"\n<p>Wir empfinden Nachhaltigkeit als wichtig, aus diesem Grund versuchen wir Ger\u00e4te wann immer zu reparieren und nicht einfach durch neue zu ersetzen. Nat\u00fcrlich w\u00e4gen wir immer auch die Wirtschaftlichkeit ab und sprechen Empfehlungen aus wann eine Reparatur noch lohnend ist und wann nicht. <br>Bei allen Arbeiten ist speziell der erhalt ihrer Daten f\u00fcr uns wichtig.<\/p>\n\n\n\n<p>Was reparabel ist, kann nicht Pauschal beantwortet werden und wird von Fall zu Fall entschieden. Wir f\u00fchren aber regelm\u00e4\u00dfig Reparaturen an PCs, Notebooks, Druckern durch. Bei Mobilger\u00e4te wie Smartphones und Tablets k\u00f6nnen wir sie zwar bei Software Reparaturen unterst\u00fctzen, aber im Regelfalle keine Hardware auswechseln. <\/p>\n","protected":false},"excerpt":{"rendered":"<p>Wir empfinden Nachhaltigkeit als wichtig, aus diesem Grund versuchen wir Ger\u00e4te wann immer zu reparieren und nicht einfach durch neue zu ersetzen. [&hellip;]<\/p>\n","protected":false},"author":1,"featured_media":0,"parent":0,"menu_order":0,"comment_status":"closed","ping_status":"closed","template":"","meta":{"footnotes":""},"class_list":["post-260","page","type-page","status-publish","hentry"],"_links":{"self":[{"href":"https:\/\/lwm.de\/index.php\/wp-json\/wp\/v2\/pages\/260","targetHints":{"allow":["GET"]}}],"collection":[{"href":"https:\/\/lwm.de\/index.php\/wp-json\/wp\/v2\/pages"}],"about":[{"href":"https:\/\/lwm.de\/index.php\/wp-json\/wp\/v2\/types\/page"}],"author":[{"embeddable":true,"href":"https:\/\/lwm.de\/index.php\/wp-json\/wp\/v2\/users\/1"}],"replies":[{"embeddable":true,"href":"https:\/\/lwm.de\/index.php\/wp-json\/wp\/v2\/comments?post=260"}],"version-history":[{"count":1,"href":"https:\/\/lwm.de\/index.php\/wp-json\/wp\/v2\/pages\/260\/revisions"}],"predecessor-version":[{"id":261,"href":"https:\/\/lwm.de\/index.php\/wp-json\/wp\/v2\/pages\/260\/revisions\/261"}],"wp:attachment":[{"href":"https:\/\/lwm.de\/index.php\/wp-json\/wp\/v2\/media?parent=260"}],"curies":[{"name":"wp","href":"https:\/\/api.w.org\/{rel}","templated":true}]}}